{"id":5737,"date":"2025-01-07T10:14:29","date_gmt":"2025-01-07T07:14:29","guid":{"rendered":"https:\/\/evrenbeachresort.com\/?page_id=5737"},"modified":"2025-07-28T23:25:26","modified_gmt":"2025-07-28T20:25:26","slug":"oduller-sertifikalar","status":"publish","type":"page","link":"https:\/\/evrenbeachresort.com\/index.php\/oduller-sertifikalar\/","title":{"rendered":"\u00d6d\u00fcller &#038; Sertifikalar"},"content":{"rendered":"\t\t<div data-elementor-type=\"wp-page\" data-elementor-id=\"5737\" class=\"elementor elementor-5737\">\n\t\t\t\t<div class=\"elementor-element elementor-element-b4b1092 e-flex e-con-boxed e-con e-parent\" data-id=\"b4b1092\" data-element_type=\"container\">\n\t\t\t\t\t<div class=\"e-con-inner\">\n\t\t\t\t<div class=\"elementor-element elementor-element-12df006 elementor-align-center elementor-widget elementor-widget-heading\" data-id=\"12df006\" data-element_type=\"widget\" data-widget_type=\"heading.default\">\n\t\t\t\t<div class=\"elementor-widget-container\">\n\t\t\t\t\t<h2 class=\"elementor-heading-title elementor-size-default\">POL\u0130T\u0130KA VE SERT\u0130F\u0130KALARIMIZ<\/h2>\t\t\t\t<\/div>\n\t\t\t\t<\/div>\n\t\t\t\t\t<\/div>\n\t\t\t\t<\/div>\n\t\t<div class=\"elementor-element elementor-element-b736b6b e-grid e-con-boxed e-con e-parent\" data-id=\"b736b6b\" data-element_type=\"container\">\n\t\t\t\t\t<div class=\"e-con-inner\">\n\t\t<div class=\"elementor-element elementor-element-fece019 e-con-full e-flex e-con e-child\" data-id=\"fece019\" data-element_type=\"container\">\n\t\t\t\t<div class=\"elementor-element elementor-element-ac9a767 elementor-widget elementor-widget-shortcode\" data-id=\"ac9a767\" data-element_type=\"widget\" data-widget_type=\"shortcode.default\">\n\t\t\t\t<div class=\"elementor-widget-container\">\n\t\t\t\t\t\t\t<div class=\"elementor-shortcode\"><div class=\"_df_thumb \" id=\"df_5753\"  _slug=\"sertifikalarimiz\" data-title=\"sertifikalarimiz\" wpoptions=\"true\" thumb=\"https:\/\/evrenbeachresort.com\/wp-content\/uploads\/2019\/08\/Enerji-Politikasi-TR-1.jpeg\" thumbtype=\"\" >Sertifikalar\u0131m\u0131z<\/div><script class=\"df-shortcode-script\" nowprocket type=\"application\/javascript\">window.option_df_5753 = {\"outline\":[],\"autoEnableOutline\":\"false\",\"autoEnableThumbnail\":\"false\",\"overwritePDFOutline\":\"false\",\"backgroundImage\":\"https:\\\/\\\/evrenbeachresort.com\\\/wp-content\\\/uploads\\\/2019\\\/08\\\/Enerji-Politikasi-TR-1.jpeg\",\"direction\":\"1\",\"pageSize\":\"0\",\"source\":\"https:\\\/\\\/evrenbeachresort.com\\\/wp-content\\\/uploads\\\/2019\\\/08\\\/Sertifikalar.pdf\",\"wpOptions\":\"true\"}; if(window.DFLIP && window.DFLIP.parseBooks){window.DFLIP.parseBooks();}<\/script><\/div>\n\t\t\t\t\t\t<\/div>\n\t\t\t\t<\/div>\n\t\t\t\t<\/div>\n\t\t<div class=\"elementor-element elementor-element-61f8146 e-con-full e-flex e-con e-child\" data-id=\"61f8146\" data-element_type=\"container\">\n\t\t\t\t<div class=\"elementor-element elementor-element-bb5fb89 elementor-widget elementor-widget-shortcode\" data-id=\"bb5fb89\" data-element_type=\"widget\" data-widget_type=\"shortcode.default\">\n\t\t\t\t<div class=\"elementor-widget-container\">\n\t\t\t\t\t\t\t<div class=\"elementor-shortcode\"><div class=\"_df_thumb \" id=\"df_5797\"  _slug=\"surdurulebilirlik\" data-title=\"surdurulebilirlik\" wpoptions=\"true\" thumb=\"https:\/\/evrenbeachresort.com\/wp-content\/uploads\/2025\/07\/Ekran-goruntusu-2025-07-28-225302.png\" thumbtype=\"\" >S\u00fcrd\u00fcr\u00fclebilirlik<\/div><script class=\"df-shortcode-script\" nowprocket type=\"application\/javascript\">window.option_df_5797 = {\"outline\":[],\"autoEnableOutline\":\"false\",\"autoEnableThumbnail\":\"false\",\"overwritePDFOutline\":\"false\",\"backgroundImage\":\"https:\\\/\\\/evrenbeachresort.com\\\/wp-content\\\/uploads\\\/2019\\\/08\\\/Ekran-Resmi-2025-01-20-10.17.53.png\",\"direction\":\"1\",\"pageSize\":\"0\",\"source\":\"https:\\\/\\\/evrenbeachresort.com\\\/wp-content\\\/uploads\\\/2025\\\/07\\\/SUNISEVRENBEACHSRDRSERTIFIKA.pdf\",\"wpOptions\":\"true\"}; if(window.DFLIP && window.DFLIP.parseBooks){window.DFLIP.parseBooks();}<\/script><\/div>\n\t\t\t\t\t\t<\/div>\n\t\t\t\t<\/div>\n\t\t\t\t<\/div>\n\t\t<div class=\"elementor-element elementor-element-93694be e-con-full e-flex e-con e-child\" data-id=\"93694be\" data-element_type=\"container\">\n\t\t\t\t<div class=\"elementor-element elementor-element-0978e38 elementor-widget elementor-widget-shortcode\" data-id=\"0978e38\" data-element_type=\"widget\" data-widget_type=\"shortcode.default\">\n\t\t\t\t<div class=\"elementor-widget-container\">\n\t\t\t\t\t\t\t<div class=\"elementor-shortcode\"><div class=\"_df_thumb \" id=\"df_5851\"  _slug=\"surdurulebilir-turizm-politikamiz\" data-title=\"surdurulebilir-turizm-politikamiz\" wpoptions=\"true\" thumb=\"https:\/\/evrenbeachresort.com\/wp-content\/uploads\/2019\/08\/Ekran-Resmi-2025-01-20-10.17.53.png\" thumbtype=\"\" >S\u00dcRD\u00dcR\u00dcLEB\u0130L\u0130R TUR\u0130ZM POL\u0130T\u0130KAMIZ<\/div><script class=\"df-shortcode-script\" nowprocket type=\"application\/javascript\">window.option_df_5851 = {\"outline\":[],\"autoEnableOutline\":\"false\",\"autoEnableThumbnail\":\"false\",\"overwritePDFOutline\":\"false\",\"direction\":\"1\",\"pageSize\":\"0\",\"source\":\"https:\\\/\\\/evrenbeachresort.com\\\/wp-content\\\/uploads\\\/2025\\\/07\\\/EVRENBEACHSRDRLRAPORU.pdf\",\"wpOptions\":\"true\"}; if(window.DFLIP && window.DFLIP.parseBooks){window.DFLIP.parseBooks();}<\/script><\/div>\n\t\t\t\t\t\t<\/div>\n\t\t\t\t<\/div>\n\t\t\t\t<\/div>\n\t\t<div class=\"elementor-element elementor-element-a898ca5 e-con-full e-flex e-con e-child\" data-id=\"a898ca5\" data-element_type=\"container\">\n\t\t\t\t<div class=\"elementor-element elementor-element-f0852ed elementor-widget elementor-widget-image\" data-id=\"f0852ed\" data-element_type=\"widget\" data-widget_type=\"image.default\">\n\t\t\t\t<div class=\"elementor-widget-container\">\n\t\t\t\t\t\t\t\t\t\t\t\t\t\t\t<img fetchpriority=\"high\" decoding=\"async\" width=\"600\" height=\"849\" src=\"https:\/\/evrenbeachresort.com\/wp-content\/uploads\/2025\/07\/Enerji_Yonetim_Sistemi_Page_1-724x1024.jpg\" class=\"attachment-large size-large wp-image-5858\" alt=\"\" srcset=\"https:\/\/evrenbeachresort.com\/wp-content\/uploads\/2025\/07\/Enerji_Yonetim_Sistemi_Page_1-724x1024.jpg 724w, https:\/\/evrenbeachresort.com\/wp-content\/uploads\/2025\/07\/Enerji_Yonetim_Sistemi_Page_1-212x300.jpg 212w, https:\/\/evrenbeachresort.com\/wp-content\/uploads\/2025\/07\/Enerji_Yonetim_Sistemi_Page_1-768x1086.jpg 768w, https:\/\/evrenbeachresort.com\/wp-content\/uploads\/2025\/07\/Enerji_Yonetim_Sistemi_Page_1-1086x1536.jpg 1086w, https:\/\/evrenbeachresort.com\/wp-content\/uploads\/2025\/07\/Enerji_Yonetim_Sistemi_Page_1-700x990.jpg 700w, https:\/\/evrenbeachresort.com\/wp-content\/uploads\/2025\/07\/Enerji_Yonetim_Sistemi_Page_1.jpg 1240w\" sizes=\"(max-width: 600px) 100vw, 600px\" \/>\t\t\t\t\t\t\t\t\t\t\t\t\t\t\t<\/div>\n\t\t\t\t<\/div>\n\t\t\t\t<\/div>\n\t\t\t\t\t<\/div>\n\t\t\t\t<\/div>\n\t\t<div class=\"elementor-element elementor-element-7e20711 e-flex e-con-boxed e-con e-parent\" data-id=\"7e20711\" data-element_type=\"container\">\n\t\t\t\t\t<div class=\"e-con-inner\">\n\t\t\t\t<div class=\"elementor-element elementor-element-fc07577 elementor-align-center elementor-widget elementor-widget-heading\" data-id=\"fc07577\" data-element_type=\"widget\" data-widget_type=\"heading.default\">\n\t\t\t\t<div class=\"elementor-widget-container\">\n\t\t\t\t\t<h2 class=\"elementor-heading-title elementor-size-default\">\u00d6D\u00dcLLER\u0130M\u0130Z<\/h2>\t\t\t\t<\/div>\n\t\t\t\t<\/div>\n\t\t\t\t\t<\/div>\n\t\t\t\t<\/div>\n\t\t<div class=\"elementor-element elementor-element-1930591 e-flex e-con-boxed e-con e-parent\" data-id=\"1930591\" data-element_type=\"container\">\n\t\t\t\t\t<div class=\"e-con-inner\">\n\t\t<div class=\"elementor-element elementor-element-168115e e-con-full e-flex e-con e-child\" data-id=\"168115e\" data-element_type=\"container\">\n\t\t\t\t<div class=\"elementor-element elementor-element-79044d2 elementor-widget elementor-widget-shortcode\" data-id=\"79044d2\" data-element_type=\"widget\" data-widget_type=\"shortcode.default\">\n\t\t\t\t<div class=\"elementor-widget-container\">\n\t\t\t\t\t\t\t<div class=\"elementor-shortcode\"><div class=\"_df_thumb \" id=\"df_5740\"  _slug=\"odullerimiz\" data-title=\"odullerimiz\" wpoptions=\"true\" thumb=\"https:\/\/evrenbeachresort.com\/wp-content\/uploads\/2019\/08\/Coral_page-0001.jpg\" thumbtype=\"\" >\u00d6d\u00fcllerimiz<\/div><script class=\"df-shortcode-script\" nowprocket type=\"application\/javascript\">window.option_df_5740 = {\"outline\":[],\"autoEnableOutline\":\"false\",\"autoEnableThumbnail\":\"false\",\"overwritePDFOutline\":\"false\",\"backgroundImage\":\"https:\\\/\\\/evrenbeachresort.com\\\/wp-content\\\/uploads\\\/2019\\\/08\\\/Coral_page-0001.jpg\",\"direction\":\"1\",\"pageSize\":\"0\",\"source\":\"https:\\\/\\\/evrenbeachresort.com\\\/wp-content\\\/uploads\\\/2019\\\/08\\\/Odullerimiz_merged.pdf\",\"wpOptions\":\"true\"}; if(window.DFLIP && window.DFLIP.parseBooks){window.DFLIP.parseBooks();}<\/script><\/div>\n\t\t\t\t\t\t<\/div>\n\t\t\t\t<\/div>\n\t\t\t\t<\/div>\n\t\t\t\t\t<\/div>\n\t\t\t\t<\/div>\n\t\t\t\t<\/div>\n\t\t","protected":false},"excerpt":{"rendered":"<p>POL\u0130T\u0130KA VE SERT\u0130F\u0130KALARIMIZ \u00d6D\u00dcLLER\u0130M\u0130Z<\/p>\n","protected":false},"author":1,"featured_media":0,"parent":0,"menu_order":0,"comment_status":"closed","ping_status":"closed","template":"","meta":{"inline_featured_image":false,"footnotes":""},"class_list":["post-5737","page","type-page","status-publish","hentry"],"_links":{"self":[{"href":"https:\/\/evrenbeachresort.com\/index.php\/wp-json\/wp\/v2\/pages\/5737","targetHints":{"allow":["GET"]}}],"collection":[{"href":"https:\/\/evrenbeachresort.com\/index.php\/wp-json\/wp\/v2\/pages"}],"about":[{"href":"https:\/\/evrenbeachresort.com\/index.php\/wp-json\/wp\/v2\/types\/page"}],"author":[{"embeddable":true,"href":"https:\/\/evrenbeachresort.com\/index.php\/wp-json\/wp\/v2\/users\/1"}],"replies":[{"embeddable":true,"href":"https:\/\/evrenbeachresort.com\/index.php\/wp-json\/wp\/v2\/comments?post=5737"}],"version-history":[{"count":37,"href":"https:\/\/evrenbeachresort.com\/index.php\/wp-json\/wp\/v2\/pages\/5737\/revisions"}],"predecessor-version":[{"id":5861,"href":"https:\/\/evrenbeachresort.com\/index.php\/wp-json\/wp\/v2\/pages\/5737\/revisions\/5861"}],"wp:attachment":[{"href":"https:\/\/evrenbeachresort.com\/index.php\/wp-json\/wp\/v2\/media?parent=5737"}],"curies":[{"name":"wp","href":"https:\/\/api.w.org\/{rel}","templated":true}]}}