{"id":119,"date":"2019-07-14T08:07:31","date_gmt":"2019-07-14T08:07:31","guid":{"rendered":"http:\/\/source.wpopal.com\/erios\/?page_id=119"},"modified":"2026-02-21T19:53:59","modified_gmt":"2026-02-21T16:53:59","slug":"bize-ulasin","status":"publish","type":"page","link":"https:\/\/evrenbeachresort.com\/index.php\/bize-ulasin\/","title":{"rendered":"Bize Ula\u015f\u0131n"},"content":{"rendered":"\t\t<div data-elementor-type=\"wp-post\" data-elementor-id=\"119\" class=\"elementor elementor-119\">\n\t\t\t\t\t\t<section class=\"elementor-section elementor-top-section elementor-element elementor-element-1189c13 elementor-section-stretched elementor-section-content-middle elementor-section-boxed elementor-section-height-default elementor-section-height-default\" data-id=\"1189c13\" data-element_type=\"section\" data-settings=\"{&quot;stretch_section&quot;:&quot;section-stretched&quot;}\">\n\t\t\t\t\t\t<div class=\"elementor-container elementor-column-gap-no\">\n\t\t\t\t\t<div class=\"elementor-column elementor-col-50 elementor-top-column elementor-element elementor-element-f11a647\" data-id=\"f11a647\" data-element_type=\"column\">\n\t\t\t<div class=\"elementor-widget-wrap elementor-element-populated\">\n\t\t\t\t\t\t<div class=\"elementor-element elementor-element-de8a567 elementor-align-left animated-fast elementor-mobile-align-center elementor-invisible elementor-widget elementor-widget-heading\" data-id=\"de8a567\" data-element_type=\"widget\" data-settings=\"{&quot;_animation&quot;:&quot;opal-move-up&quot;}\" data-widget_type=\"heading.default\">\n\t\t\t\t<div class=\"elementor-widget-container\">\n\t\t\t\t\t<h2 class=\"elementor-heading-title elementor-size-default\">Bize Ula\u015f\u0131n<\/h2>\t\t\t\t<\/div>\n\t\t\t\t<\/div>\n\t\t\t\t<div class=\"elementor-element elementor-element-5b8c08e animated-fast elementor-invisible elementor-widget elementor-widget-text-editor\" data-id=\"5b8c08e\" data-element_type=\"widget\" data-settings=\"{&quot;_animation&quot;:&quot;opal-move-up&quot;}\" data-widget_type=\"text-editor.default\">\n\t\t\t\t<div class=\"elementor-widget-container\">\n\t\t\t\t\t        <div class=\"elementor-text-editor elementor-clearfix\"><p><span style=\"color: #000000;\">Misafirlerimize her zaman en iyi hizmeti sunmak i\u00e7in buraday\u0131z.<\/span><\/p><p><span style=\"color: #000000;\">Tatil planlaman\u0131zdan konaklaman\u0131z\u0131n her an\u0131na kadar sizlere yard\u0131mc\u0131 olmaktan mutluluk duyuyoruz. Yer alan otellerimizin adres ve telefon numaralar\u0131n\u0131 bulabilirsiniz.<\/span><\/p><p><span style=\"color: #000000;\">Herhangi bir sorunuz ya da \u00f6zel talebiniz oldu\u011funda, l\u00fctfen bizimle ileti\u015fime ge\u00e7mekten \u00e7ekinmeyin. Sizlere yard\u0131mc\u0131 olmak i\u00e7in sab\u0131rs\u0131zlan\u0131yoruz!<\/span><\/p><\/div>\n        \t\t\t\t<\/div>\n\t\t\t\t<\/div>\n\t\t\t\t\t<\/div>\n\t\t<\/div>\n\t\t\t\t<div class=\"elementor-column elementor-col-50 elementor-top-column elementor-element elementor-element-80317b1\" data-id=\"80317b1\" data-element_type=\"column\">\n\t\t\t<div class=\"elementor-widget-wrap elementor-element-populated\">\n\t\t\t\t\t\t<section class=\"elementor-section elementor-inner-section elementor-element elementor-element-a1aee14 elementor-section-boxed elementor-section-height-default elementor-section-height-default\" data-id=\"a1aee14\" data-element_type=\"section\">\n\t\t\t\t\t\t<div class=\"elementor-container elementor-column-gap-no\">\n\t\t\t\t\t<div class=\"elementor-column elementor-col-33 elementor-inner-column elementor-element elementor-element-d1dd6ee\" data-id=\"d1dd6ee\" data-element_type=\"column\">\n\t\t\t<div class=\"elementor-widget-wrap elementor-element-populated\">\n\t\t\t\t\t\t<div class=\"elementor-element elementor-element-feb2d30 animated-fast elementor-view-default elementor-position-top elementor-vertical-align-top elementor-invisible elementor-widget elementor-widget-icon-box\" data-id=\"feb2d30\" data-element_type=\"widget\" data-settings=\"{&quot;_animation&quot;:&quot;opal-move-up&quot;,&quot;_animation_delay&quot;:150}\" data-widget_type=\"icon-box.default\">\n\t\t\t\t<div class=\"elementor-widget-container\">\n\t\t\t\t\t        <div class=\"elementor-icon-box-wrapper\">\n                    <div class=\"elementor-icon-box-icon\">\n            <a class=\"elementor-icon elementor-animation-\" href=\"tel:(+90) 850 707 0600\" target=\"_blank\">\n            <i class=\"opal-icon-mobile-alt\" aria-hidden=\"true\"><\/i>\n            <\/a>\n            <\/div>\n                <div class=\"elementor-icon-box-content\">\n            <h3 class=\"elementor-icon-box-title\">\n                <a href=\"tel:(+90) 850 707 0600\" target=\"_blank\">\u00c7a\u011fr\u0131 Merkezi<\/a>\n            <\/h3>\n            <p class=\"elementor-icon-box-description\"><!--StartFragment--><b><span data-olk-copy-source=\"MessageBody\">+90 242 524 55 36<\/span><!--EndFragment--><\/b><\/p>\n            <\/div>\n        <\/div>\n        \t\t\t\t<\/div>\n\t\t\t\t<\/div>\n\t\t\t\t\t<\/div>\n\t\t<\/div>\n\t\t\t\t<div class=\"elementor-column elementor-col-33 elementor-inner-column elementor-element elementor-element-69366c1\" data-id=\"69366c1\" data-element_type=\"column\">\n\t\t\t<div class=\"elementor-widget-wrap elementor-element-populated\">\n\t\t\t\t\t\t<div class=\"elementor-element elementor-element-4560042 animated-fast elementor-widget__width-initial elementor-view-default elementor-position-top elementor-vertical-align-top elementor-invisible elementor-widget elementor-widget-icon-box\" data-id=\"4560042\" data-element_type=\"widget\" data-settings=\"{&quot;_animation&quot;:&quot;opal-move-up&quot;,&quot;_animation_delay&quot;:150}\" data-widget_type=\"icon-box.default\">\n\t\t\t\t<div class=\"elementor-widget-container\">\n\t\t\t\t\t        <div class=\"elementor-icon-box-wrapper\">\n                    <div class=\"elementor-icon-box-icon\">\n            <a class=\"elementor-icon elementor-animation-\" href=\"#\">\n            <i class=\"opal-icon-map-marker-alt\" aria-hidden=\"true\"><\/i>\n            <\/a>\n            <\/div>\n                <div class=\"elementor-icon-box-content\">\n            <h3 class=\"elementor-icon-box-title\">\n                <a href=\"#\">Adres<\/a>\n            <\/h3>\n            <p class=\"elementor-icon-box-description\">Evrenseki, 30 Nolu Sok No:3 07600 Manavgat\/Antalya<\/p>\n            <\/div>\n        <\/div>\n        \t\t\t\t<\/div>\n\t\t\t\t<\/div>\n\t\t\t\t\t<\/div>\n\t\t<\/div>\n\t\t\t\t<div class=\"elementor-column elementor-col-33 elementor-inner-column elementor-element elementor-element-c2d31e8\" data-id=\"c2d31e8\" data-element_type=\"column\">\n\t\t\t<div class=\"elementor-widget-wrap elementor-element-populated\">\n\t\t\t\t\t\t<div class=\"elementor-element elementor-element-fb2a70b animated-fast elementor-widget__width-initial elementor-view-default elementor-position-top elementor-vertical-align-top elementor-invisible elementor-widget elementor-widget-icon-box\" data-id=\"fb2a70b\" data-element_type=\"widget\" data-settings=\"{&quot;_animation&quot;:&quot;opal-move-up&quot;,&quot;_animation_delay&quot;:150}\" data-widget_type=\"icon-box.default\">\n\t\t\t\t<div class=\"elementor-widget-container\">\n\t\t\t\t\t        <div class=\"elementor-icon-box-wrapper\">\n                    <div class=\"elementor-icon-box-icon\">\n            <a class=\"elementor-icon elementor-animation-\" href=\"mailto:reservation@sunishotels.com\" target=\"_blank\">\n            <i class=\"opal-icon-envelope\" aria-hidden=\"true\"><\/i>\n            <\/a>\n            <\/div>\n                <div class=\"elementor-icon-box-content\">\n            <h3 class=\"elementor-icon-box-title\">\n                <a href=\"mailto:reservation@sunishotels.com\" target=\"_blank\">Email<\/a>\n            <\/h3>\n            <p class=\"elementor-icon-box-description\">reservation@sunishotels.com<\/p>\n            <\/div>\n        <\/div>\n        \t\t\t\t<\/div>\n\t\t\t\t<\/div>\n\t\t\t\t\t<\/div>\n\t\t<\/div>\n\t\t\t\t\t<\/div>\n\t\t<\/section>\n\t\t\t\t<div class=\"elementor-element elementor-element-7604fd8 animated-fast elementor-view-default elementor-position-top elementor-vertical-align-top elementor-invisible elementor-widget elementor-widget-icon-box\" data-id=\"7604fd8\" data-element_type=\"widget\" data-settings=\"{&quot;_animation&quot;:&quot;opal-move-up&quot;,&quot;_animation_delay&quot;:150}\" data-widget_type=\"icon-box.default\">\n\t\t\t\t<div class=\"elementor-widget-container\">\n\t\t\t\t\t        <div class=\"elementor-icon-box-wrapper\">\n                    <div class=\"elementor-icon-box-icon\">\n            <a class=\"elementor-icon elementor-animation-\" href=\"tel:(+90) 850 707 0600\" target=\"_blank\">\n            <i class=\"opal-icon-mobile-alt\" aria-hidden=\"true\"><\/i>\n            <\/a>\n            <\/div>\n                <div class=\"elementor-icon-box-content\">\n            <h3 class=\"elementor-icon-box-title\">\n                <a href=\"tel:(+90) 850 707 0600\" target=\"_blank\">Santral<\/a>\n            <\/h3>\n            <p class=\"elementor-icon-box-description\"><!--StartFragment--><span data-olk-copy-source=\"MessageBody\">+90 242 763 05 06<\/span><!--EndFragment--><\/p>\n            <\/div>\n        <\/div>\n        \t\t\t\t<\/div>\n\t\t\t\t<\/div>\n\t\t\t\t\t<\/div>\n\t\t<\/div>\n\t\t\t\t\t<\/div>\n\t\t<\/section>\n\t\t<div class=\"elementor-element elementor-element-eb76f0c e-flex e-con-boxed e-con e-parent\" data-id=\"eb76f0c\" data-element_type=\"container\">\n\t\t\t\t\t<div class=\"e-con-inner\">\n\t\t\t\t<div class=\"elementor-element elementor-element-66911ff elementor-widget elementor-widget-google_maps\" data-id=\"66911ff\" data-element_type=\"widget\" data-widget_type=\"google_maps.default\">\n\t\t\t\t<div class=\"elementor-widget-container\">\n\t\t\t\t\t\t\t<div class=\"elementor-custom-embed\">\n\t\t\t<iframe loading=\"lazy\"\n\t\t\t\t\tsrc=\"https:\/\/maps.google.com\/maps?q=sunis%20evren&#038;t=m&#038;z=15&#038;output=embed&#038;iwloc=near\"\n\t\t\t\t\ttitle=\"sunis evren\"\n\t\t\t\t\taria-label=\"sunis evren\"\n\t\t\t><\/iframe>\n\t\t<\/div>\n\t\t\t\t\t\t<\/div>\n\t\t\t\t<\/div>\n\t\t\t\t\t<\/div>\n\t\t\t\t<\/div>\n\t\t\t\t<\/div>\n\t\t","protected":false},"excerpt":{"rendered":"<p>Bize Ula\u015f\u0131n Misafirlerimize her zaman en iyi hizmeti sunmak i\u00e7in buraday\u0131z. Tatil planlaman\u0131zdan konaklaman\u0131z\u0131n her an\u0131na kadar sizlere yard\u0131mc\u0131 olmaktan mutluluk duyuyoruz. Yer alan otellerimizin adres ve telefon numaralar\u0131n\u0131 bulabilirsiniz. Herhangi bir sorunuz ya da \u00f6zel talebiniz oldu\u011funda, l\u00fctfen bizimle ileti\u015fime ge\u00e7mekten \u00e7ekinmeyin. Sizlere yard\u0131mc\u0131 olmak i\u00e7in sab\u0131rs\u0131zlan\u0131yoruz! \u00c7a\u011fr\u0131 Merkezi +90 242 524 55 36 &hellip; <span class=\"more-link-wrap\"><a href=\"https:\/\/evrenbeachresort.com\/index.php\/bize-ulasin\/\" class=\"more-link\">Read More <span class=\"screen-reader-text\"> &#8220;Bize Ula\u015f\u0131n&#8221;<\/span><\/a><\/span><\/p>\n","protected":false},"author":1,"featured_media":0,"parent":0,"menu_order":0,"comment_status":"closed","ping_status":"closed","template":"page-elementor.php","meta":{"inline_featured_image":false,"footnotes":""},"class_list":["post-119","page","type-page","status-publish","hentry"],"_links":{"self":[{"href":"https:\/\/evrenbeachresort.com\/index.php\/wp-json\/wp\/v2\/pages\/119","targetHints":{"allow":["GET"]}}],"collection":[{"href":"https:\/\/evrenbeachresort.com\/index.php\/wp-json\/wp\/v2\/pages"}],"about":[{"href":"https:\/\/evrenbeachresort.com\/index.php\/wp-json\/wp\/v2\/types\/page"}],"author":[{"embeddable":true,"href":"https:\/\/evrenbeachresort.com\/index.php\/wp-json\/wp\/v2\/users\/1"}],"replies":[{"embeddable":true,"href":"https:\/\/evrenbeachresort.com\/index.php\/wp-json\/wp\/v2\/comments?post=119"}],"version-history":[{"count":26,"href":"https:\/\/evrenbeachresort.com\/index.php\/wp-json\/wp\/v2\/pages\/119\/revisions"}],"predecessor-version":[{"id":5868,"href":"https:\/\/evrenbeachresort.com\/index.php\/wp-json\/wp\/v2\/pages\/119\/revisions\/5868"}],"wp:attachment":[{"href":"https:\/\/evrenbeachresort.com\/index.php\/wp-json\/wp\/v2\/media?parent=119"}],"curies":[{"name":"wp","href":"https:\/\/api.w.org\/{rel}","templated":true}]}}